{"id":10,"date":"2026-03-25T16:46:38","date_gmt":"2026-03-25T16:46:38","guid":{"rendered":"https:\/\/carteach.wpenginepowered.com\/?page_id=10"},"modified":"2026-03-27T06:46:21","modified_gmt":"2026-03-27T06:46:21","slug":"pocetna","status":"publish","type":"page","link":"https:\/\/cartea.ch\/de\/","title":{"rendered":"Po\u010detna"},"content":{"rendered":"<div data-elementor-type=\"wp-page\" data-elementor-id=\"10\" class=\"elementor elementor-10\" data-elementor-post-type=\"page\">\n\t\t\t\t<div class=\"elementor-element elementor-element-653453a e-flex e-con-boxed e-con e-parent\" data-id=\"653453a\" data-element_type=\"container\" data-e-type=\"container\" data-settings=\"{&quot;background_background&quot;:&quot;classic&quot;}\">\n\t\t\t\t\t<div class=\"e-con-inner\">\n\t\t\t\t<div class=\"elementor-element elementor-element-7fc433b elementor-widget elementor-widget-image\" data-id=\"7fc433b\" data-element_type=\"widget\" data-e-type=\"widget\" data-widget_type=\"image.default\">\n\t\t\t\t\t\t\t\t\t\t\t\t\t\t\t<img fetchpriority=\"high\" decoding=\"async\" width=\"800\" height=\"800\" src=\"https:\/\/cartea.ch\/wp-content\/uploads\/2026\/03\/Logo-Cartea-7-2-1024x1024.png\" class=\"attachment-large size-large wp-image-21\" alt=\"\" srcset=\"https:\/\/cartea.ch\/wp-content\/uploads\/2026\/03\/Logo-Cartea-7-2-1024x1024.png 1024w, https:\/\/cartea.ch\/wp-content\/uploads\/2026\/03\/Logo-Cartea-7-2-300x300.png 300w, https:\/\/cartea.ch\/wp-content\/uploads\/2026\/03\/Logo-Cartea-7-2-150x150.png 150w, https:\/\/cartea.ch\/wp-content\/uploads\/2026\/03\/Logo-Cartea-7-2-768x768.png 768w, https:\/\/cartea.ch\/wp-content\/uploads\/2026\/03\/Logo-Cartea-7-2-1536x1536.png 1536w, https:\/\/cartea.ch\/wp-content\/uploads\/2026\/03\/Logo-Cartea-7-2.png 1563w\" sizes=\"(max-width: 800px) 100vw, 800px\" \/>\t\t\t\t\t\t\t\t\t\t\t\t\t\t\t<\/div>\n\t\t\t\t<div class=\"elementor-element elementor-element-70f5e4d elementor-widget elementor-widget-button\" data-id=\"70f5e4d\" data-element_type=\"widget\" data-e-type=\"widget\" data-widget_type=\"button.default\">\n\t\t\t\t\t\t\t\t\t\t<a class=\"elementor-button elementor-button-link elementor-size-sm\" href=\"#contact\">\n\t\t\t\t\t\t<span class=\"elementor-button-content-wrapper\">\n\t\t\t\t\t\t\t\t\t<span class=\"elementor-button-text\">BUCHEN SIE JETZT<\/span>\n\t\t\t\t\t<\/span>\n\t\t\t\t\t<\/a>\n\t\t\t\t\t\t\t\t<\/div>\n\t\t\t\t\t<\/div>\n\t\t\t\t<\/div>\n\t\t<div class=\"elementor-element elementor-element-c527dc7 e-con-full e-flex e-con e-parent\" data-id=\"c527dc7\" data-element_type=\"container\" data-e-type=\"container\">\n\t\t\t\t<div class=\"elementor-element elementor-element-279ed2e elementor-widget elementor-widget-image\" data-id=\"279ed2e\" data-element_type=\"widget\" data-e-type=\"widget\" data-widget_type=\"image.default\">\n\t\t\t\t\t\t\t\t\t\t\t\t\t\t\t<img decoding=\"async\" width=\"2560\" height=\"1209\" src=\"https:\/\/cartea.ch\/wp-content\/uploads\/2026\/03\/3-scaled.jpg\" class=\"attachment-full size-full wp-image-27\" alt=\"\" srcset=\"https:\/\/cartea.ch\/wp-content\/uploads\/2026\/03\/3-scaled.jpg 2560w, https:\/\/cartea.ch\/wp-content\/uploads\/2026\/03\/3-300x142.jpg 300w, https:\/\/cartea.ch\/wp-content\/uploads\/2026\/03\/3-1024x484.jpg 1024w, https:\/\/cartea.ch\/wp-content\/uploads\/2026\/03\/3-768x363.jpg 768w, https:\/\/cartea.ch\/wp-content\/uploads\/2026\/03\/3-1536x725.jpg 1536w, https:\/\/cartea.ch\/wp-content\/uploads\/2026\/03\/3-2048x967.jpg 2048w\" sizes=\"(max-width: 2560px) 100vw, 2560px\" \/>\t\t\t\t\t\t\t\t\t\t\t\t\t\t\t<\/div>\n\t\t\t\t<\/div>\n\t\t<div class=\"elementor-element elementor-element-30f0d44 e-flex e-con-boxed e-con e-parent\" data-id=\"30f0d44\" data-element_type=\"container\" data-e-type=\"container\" id=\"aboutus\" data-settings=\"{&quot;background_background&quot;:&quot;classic&quot;}\">\n\t\t\t\t\t<div class=\"e-con-inner\">\n\t\t\t\t<div class=\"elementor-element elementor-element-864b6fa elementor-widget elementor-widget-heading\" data-id=\"864b6fa\" data-element_type=\"widget\" data-e-type=\"widget\" data-widget_type=\"heading.default\">\n\t\t\t\t\t<h2 class=\"elementor-heading-title elementor-size-default\">WILLKOMMEN BEI CARTEA BY DHG HOSPITALITY<\/h2>\t\t\t\t<\/div>\n\t\t\t\t<div class=\"elementor-element elementor-element-1f65b57 elementor-widget elementor-widget-text-editor\" data-id=\"1f65b57\" data-element_type=\"widget\" data-e-type=\"widget\" data-widget_type=\"text-editor.default\">\n\t\t\t\t\t\t\t\t\t<p>Cartea by DHG Hospitality bietet eine Reihe von Unterkunftsm\u00f6glichkeiten nur wenige Minuten vom Flughafen Z\u00fcrich entfernt. Mit 1 4\nBusiness Apartments, richtet sich Cartea von DHC Hospitality sowohl an Kurzzeit- als auch an Langzeitaufenthalte, unter dem Dach der\nDHG-Gruppe.<\/p><p>Mit einem Fokus auf Funktionalit\u00e4t, \u00c4sthetik und Komfort ist jedes Cartea-Apartment mit hochwertigen Materialien und durchdachten\nGrundrissen gestaltet. Das Innendesign, gekennzeichnet durch eine beruhigende Farbpalette und effiziente Raumnutzung, zielt darauf ab, eine f\u00f6rderliche Umgebung f\u00fcr Leben und Arbeiten zu bieten.<\/p><p><strong>HAUPTMERKMALE<\/strong><\/p><p>Ess- und Wohnbereich: Jedes Apartment ist mit einem Esstisch und einem Wohnbereich ausgestattet, der \u00fcber ein bequemes Sofa verf\u00fcgt,\num sowohl Ess- als auch Freizeitaktivit\u00e4ten zu unterst\u00fctzen.<\/p><p><strong>24-Stunden-Check-In:<\/strong> Um den unterschiedlichen Ankunftszeiten der G\u00e4ste gerecht zu werden, bietet Cartea einen 24-Stunden-Check-ln-Service, der Zug\u00e4nglichkeit unabh\u00e4ngig von Ihrem Zeitplan gew\u00e4hrleistet.<\/p><p><strong>Schlafm\u00f6glichkeiten:<\/strong> ie Schlafzimmer sind mit Queen-Size-Betten (1,6 m) mit Deluxe-Matratzen ausgestattet, die f\u00fcr optimalen Ruhe sorgen.<\/p><p><strong>Unterhaltung und Konnektivit\u00e4t:<\/strong> F\u00fcr Unterhaltung und Arbeit beinhaltet jedes Apartment einen Flachbildfernseher und WIFI-Zugang.<\/p><p>Die N\u00e4he von Cartea zum Flughafen Z\u00fcrich positioniert es als ideale Wahl f\u00fcr internationale Reisende und Besucher, die einen bequemen\nZugang zu den Attraktionen der Stadt und den Gesch\u00e4ftsvierteln suchen. Trotz seiner nahen Lage zu st\u00e4dtischen Zentren bietet Cartea\neinen friedlichen R\u00fcckzugsort vom gesch\u00e4ftigen Stadtleben.<\/p>\t\t\t\t\t\t\t\t<\/div>\n\t\t\t\t\t<\/div>\n\t\t\t\t<\/div>\n\t\t<div class=\"elementor-element elementor-element-644b90e e-grid e-con-full e-con e-parent\" data-id=\"644b90e\" data-element_type=\"container\" data-e-type=\"container\" id=\"furnishing\">\n\t\t\t\t<div class=\"elementor-element elementor-element-c094feb elementor-widget elementor-widget-image\" data-id=\"c094feb\" data-element_type=\"widget\" data-e-type=\"widget\" data-widget_type=\"image.default\">\n\t\t\t\t\t\t\t\t\t\t\t\t\t\t\t\t<a href=\"https:\/\/cartea.ch\/wp-content\/uploads\/2026\/03\/1.png\" data-elementor-open-lightbox=\"yes\" data-elementor-lightbox-title=\"1\" data-e-action-hash=\"#elementor-action%3Aaction%3Dlightbox%26settings%3DeyJpZCI6OTIsInVybCI6Imh0dHBzOlwvXC9jYXJ0ZWEuY2hcL3dwLWNvbnRlbnRcL3VwbG9hZHNcLzIwMjZcLzAzXC8xLnBuZyJ9\">\n\t\t\t\t\t\t\t<img decoding=\"async\" width=\"800\" height=\"560\" src=\"https:\/\/cartea.ch\/wp-content\/uploads\/2026\/03\/1.png\" class=\"attachment-large size-large wp-image-92\" alt=\"\" srcset=\"https:\/\/cartea.ch\/wp-content\/uploads\/2026\/03\/1.png 1000w, https:\/\/cartea.ch\/wp-content\/uploads\/2026\/03\/1-300x210.png 300w, https:\/\/cartea.ch\/wp-content\/uploads\/2026\/03\/1-768x538.png 768w\" sizes=\"(max-width: 800px) 100vw, 800px\" \/>\t\t\t\t\t\t\t\t<\/a>\n\t\t\t\t\t\t\t\t\t\t\t\t\t\t\t<\/div>\n\t\t\t\t<div class=\"elementor-element elementor-element-686d914 elementor-widget elementor-widget-image\" data-id=\"686d914\" data-element_type=\"widget\" data-e-type=\"widget\" data-widget_type=\"image.default\">\n\t\t\t\t\t\t\t\t\t\t\t\t\t\t\t\t<a href=\"https:\/\/cartea.ch\/wp-content\/uploads\/2026\/03\/2.png\" data-elementor-open-lightbox=\"yes\" data-elementor-lightbox-title=\"2\" data-e-action-hash=\"#elementor-action%3Aaction%3Dlightbox%26settings%3DeyJpZCI6OTMsInVybCI6Imh0dHBzOlwvXC9jYXJ0ZWEuY2hcL3dwLWNvbnRlbnRcL3VwbG9hZHNcLzIwMjZcLzAzXC8yLnBuZyJ9\">\n\t\t\t\t\t\t\t<img loading=\"lazy\" decoding=\"async\" width=\"800\" height=\"560\" src=\"https:\/\/cartea.ch\/wp-content\/uploads\/2026\/03\/2.png\" class=\"attachment-large size-large wp-image-93\" alt=\"\" srcset=\"https:\/\/cartea.ch\/wp-content\/uploads\/2026\/03\/2.png 1000w, https:\/\/cartea.ch\/wp-content\/uploads\/2026\/03\/2-300x210.png 300w, https:\/\/cartea.ch\/wp-content\/uploads\/2026\/03\/2-768x538.png 768w\" sizes=\"(max-width: 800px) 100vw, 800px\" \/>\t\t\t\t\t\t\t\t<\/a>\n\t\t\t\t\t\t\t\t\t\t\t\t\t\t\t<\/div>\n\t\t\t\t<div class=\"elementor-element elementor-element-18b9f95 elementor-widget elementor-widget-image\" data-id=\"18b9f95\" data-element_type=\"widget\" data-e-type=\"widget\" data-widget_type=\"image.default\">\n\t\t\t\t\t\t\t\t\t\t\t\t\t\t\t\t<a href=\"https:\/\/cartea.ch\/wp-content\/uploads\/2026\/03\/3.png\" data-elementor-open-lightbox=\"yes\" data-elementor-lightbox-title=\"3\" data-e-action-hash=\"#elementor-action%3Aaction%3Dlightbox%26settings%3DeyJpZCI6OTQsInVybCI6Imh0dHBzOlwvXC9jYXJ0ZWEuY2hcL3dwLWNvbnRlbnRcL3VwbG9hZHNcLzIwMjZcLzAzXC8zLnBuZyJ9\">\n\t\t\t\t\t\t\t<img loading=\"lazy\" decoding=\"async\" width=\"800\" height=\"560\" src=\"https:\/\/cartea.ch\/wp-content\/uploads\/2026\/03\/3.png\" class=\"attachment-large size-large wp-image-94\" alt=\"\" srcset=\"https:\/\/cartea.ch\/wp-content\/uploads\/2026\/03\/3.png 1000w, https:\/\/cartea.ch\/wp-content\/uploads\/2026\/03\/3-300x210.png 300w, https:\/\/cartea.ch\/wp-content\/uploads\/2026\/03\/3-768x538.png 768w\" sizes=\"(max-width: 800px) 100vw, 800px\" \/>\t\t\t\t\t\t\t\t<\/a>\n\t\t\t\t\t\t\t\t\t\t\t\t\t\t\t<\/div>\n\t\t\t\t<div class=\"elementor-element elementor-element-86f77bf elementor-widget elementor-widget-image\" data-id=\"86f77bf\" data-element_type=\"widget\" data-e-type=\"widget\" data-widget_type=\"image.default\">\n\t\t\t\t\t\t\t\t\t\t\t\t\t\t\t\t<a href=\"https:\/\/cartea.ch\/wp-content\/uploads\/2026\/03\/4.png\" data-elementor-open-lightbox=\"yes\" data-elementor-lightbox-title=\"4\" data-e-action-hash=\"#elementor-action%3Aaction%3Dlightbox%26settings%3DeyJpZCI6OTUsInVybCI6Imh0dHBzOlwvXC9jYXJ0ZWEuY2hcL3dwLWNvbnRlbnRcL3VwbG9hZHNcLzIwMjZcLzAzXC80LnBuZyJ9\">\n\t\t\t\t\t\t\t<img loading=\"lazy\" decoding=\"async\" width=\"800\" height=\"560\" src=\"https:\/\/cartea.ch\/wp-content\/uploads\/2026\/03\/4.png\" class=\"attachment-large size-large wp-image-95\" alt=\"\" srcset=\"https:\/\/cartea.ch\/wp-content\/uploads\/2026\/03\/4.png 1000w, https:\/\/cartea.ch\/wp-content\/uploads\/2026\/03\/4-300x210.png 300w, https:\/\/cartea.ch\/wp-content\/uploads\/2026\/03\/4-768x538.png 768w\" sizes=\"(max-width: 800px) 100vw, 800px\" \/>\t\t\t\t\t\t\t\t<\/a>\n\t\t\t\t\t\t\t\t\t\t\t\t\t\t\t<\/div>\n\t\t\t\t<div class=\"elementor-element elementor-element-186a434 elementor-widget elementor-widget-image\" data-id=\"186a434\" data-element_type=\"widget\" data-e-type=\"widget\" data-widget_type=\"image.default\">\n\t\t\t\t\t\t\t\t\t\t\t\t\t\t\t\t<a href=\"https:\/\/cartea.ch\/wp-content\/uploads\/2026\/03\/5.png\" data-elementor-open-lightbox=\"yes\" data-elementor-lightbox-title=\"5\" data-e-action-hash=\"#elementor-action%3Aaction%3Dlightbox%26settings%3DeyJpZCI6OTYsInVybCI6Imh0dHBzOlwvXC9jYXJ0ZWEuY2hcL3dwLWNvbnRlbnRcL3VwbG9hZHNcLzIwMjZcLzAzXC81LnBuZyJ9\">\n\t\t\t\t\t\t\t<img loading=\"lazy\" decoding=\"async\" width=\"800\" height=\"560\" src=\"https:\/\/cartea.ch\/wp-content\/uploads\/2026\/03\/5.png\" class=\"attachment-large size-large wp-image-96\" alt=\"\" srcset=\"https:\/\/cartea.ch\/wp-content\/uploads\/2026\/03\/5.png 1000w, https:\/\/cartea.ch\/wp-content\/uploads\/2026\/03\/5-300x210.png 300w, https:\/\/cartea.ch\/wp-content\/uploads\/2026\/03\/5-768x538.png 768w\" sizes=\"(max-width: 800px) 100vw, 800px\" \/>\t\t\t\t\t\t\t\t<\/a>\n\t\t\t\t\t\t\t\t\t\t\t\t\t\t\t<\/div>\n\t\t\t\t<div class=\"elementor-element elementor-element-628de88 elementor-widget elementor-widget-image\" data-id=\"628de88\" data-element_type=\"widget\" data-e-type=\"widget\" data-widget_type=\"image.default\">\n\t\t\t\t\t\t\t\t\t\t\t\t\t\t\t\t<a href=\"https:\/\/cartea.ch\/wp-content\/uploads\/2026\/03\/6.png\" data-elementor-open-lightbox=\"yes\" data-elementor-lightbox-title=\"6\" data-e-action-hash=\"#elementor-action%3Aaction%3Dlightbox%26settings%3DeyJpZCI6OTcsInVybCI6Imh0dHBzOlwvXC9jYXJ0ZWEuY2hcL3dwLWNvbnRlbnRcL3VwbG9hZHNcLzIwMjZcLzAzXC82LnBuZyJ9\">\n\t\t\t\t\t\t\t<img loading=\"lazy\" decoding=\"async\" width=\"800\" height=\"560\" src=\"https:\/\/cartea.ch\/wp-content\/uploads\/2026\/03\/6.png\" class=\"attachment-large size-large wp-image-97\" alt=\"\" srcset=\"https:\/\/cartea.ch\/wp-content\/uploads\/2026\/03\/6.png 1000w, https:\/\/cartea.ch\/wp-content\/uploads\/2026\/03\/6-300x210.png 300w, https:\/\/cartea.ch\/wp-content\/uploads\/2026\/03\/6-768x538.png 768w\" sizes=\"(max-width: 800px) 100vw, 800px\" \/>\t\t\t\t\t\t\t\t<\/a>\n\t\t\t\t\t\t\t\t\t\t\t\t\t\t\t<\/div>\n\t\t\t\t<div class=\"elementor-element elementor-element-e51f75d elementor-widget elementor-widget-image\" data-id=\"e51f75d\" data-element_type=\"widget\" data-e-type=\"widget\" data-widget_type=\"image.default\">\n\t\t\t\t\t\t\t\t\t\t\t\t\t\t\t\t<a href=\"https:\/\/cartea.ch\/wp-content\/uploads\/2026\/03\/7.png\" data-elementor-open-lightbox=\"yes\" data-elementor-lightbox-title=\"7\" data-e-action-hash=\"#elementor-action%3Aaction%3Dlightbox%26settings%3DeyJpZCI6OTgsInVybCI6Imh0dHBzOlwvXC9jYXJ0ZWEuY2hcL3dwLWNvbnRlbnRcL3VwbG9hZHNcLzIwMjZcLzAzXC83LnBuZyJ9\">\n\t\t\t\t\t\t\t<img loading=\"lazy\" decoding=\"async\" width=\"800\" height=\"560\" src=\"https:\/\/cartea.ch\/wp-content\/uploads\/2026\/03\/7.png\" class=\"attachment-large size-large wp-image-98\" alt=\"\" srcset=\"https:\/\/cartea.ch\/wp-content\/uploads\/2026\/03\/7.png 1000w, https:\/\/cartea.ch\/wp-content\/uploads\/2026\/03\/7-300x210.png 300w, https:\/\/cartea.ch\/wp-content\/uploads\/2026\/03\/7-768x538.png 768w\" sizes=\"(max-width: 800px) 100vw, 800px\" \/>\t\t\t\t\t\t\t\t<\/a>\n\t\t\t\t\t\t\t\t\t\t\t\t\t\t\t<\/div>\n\t\t\t\t<div class=\"elementor-element elementor-element-82e13af elementor-widget elementor-widget-image\" data-id=\"82e13af\" data-element_type=\"widget\" data-e-type=\"widget\" data-widget_type=\"image.default\">\n\t\t\t\t\t\t\t\t\t\t\t\t\t\t\t\t<a href=\"https:\/\/cartea.ch\/wp-content\/uploads\/2026\/03\/8.png\" data-elementor-open-lightbox=\"yes\" data-elementor-lightbox-title=\"8\" data-e-action-hash=\"#elementor-action%3Aaction%3Dlightbox%26settings%3DeyJpZCI6OTksInVybCI6Imh0dHBzOlwvXC9jYXJ0ZWEuY2hcL3dwLWNvbnRlbnRcL3VwbG9hZHNcLzIwMjZcLzAzXC84LnBuZyJ9\">\n\t\t\t\t\t\t\t<img loading=\"lazy\" decoding=\"async\" width=\"800\" height=\"560\" src=\"https:\/\/cartea.ch\/wp-content\/uploads\/2026\/03\/8.png\" class=\"attachment-large size-large wp-image-99\" alt=\"\" srcset=\"https:\/\/cartea.ch\/wp-content\/uploads\/2026\/03\/8.png 1000w, https:\/\/cartea.ch\/wp-content\/uploads\/2026\/03\/8-300x210.png 300w, https:\/\/cartea.ch\/wp-content\/uploads\/2026\/03\/8-768x538.png 768w\" sizes=\"(max-width: 800px) 100vw, 800px\" \/>\t\t\t\t\t\t\t\t<\/a>\n\t\t\t\t\t\t\t\t\t\t\t\t\t\t\t<\/div>\n\t\t\t\t<\/div>\n\t\t<div class=\"elementor-element elementor-element-1ac1a6d e-flex e-con-boxed e-con e-parent\" data-id=\"1ac1a6d\" data-element_type=\"container\" data-e-type=\"container\" data-settings=\"{&quot;background_background&quot;:&quot;classic&quot;}\">\n\t\t\t\t\t<div class=\"e-con-inner\">\n\t\t\t\t<div class=\"elementor-element elementor-element-52b8388 elementor-widget elementor-widget-text-editor\" data-id=\"52b8388\" data-element_type=\"widget\" data-e-type=\"widget\" data-widget_type=\"text-editor.default\">\n\t\t\t\t\t\t\t\t\t<p>Als Teil der DHG-Gruppe spiegelt Cartea von DHC Hospitality das Engagement der Organisation f\u00fcr Exzellenz, Innovation und Nachhaltigkeit in der Gastfreundschaft wider.<\/p>\t\t\t\t\t\t\t\t<\/div>\n\t\t\t\t\t<\/div>\n\t\t\t\t<\/div>\n\t\t\t\t<\/div>","protected":false},"excerpt":{"rendered":"<p>BOOK NOW Welcome to Cartea by DHG Hospitality Cartea by DHG Hospitality, offers a range of accommodation options minutes away from Zurich Airport. With 26 residential units, including 12 apartments and 14 business apartments, Cartea by DHG Hospitality caters to both short-term and long-term stays, under the umbrella of DHG Group. Designed with a focus [&hellip;]<\/p>\n","protected":false},"author":1,"featured_media":0,"parent":0,"menu_order":0,"comment_status":"closed","ping_status":"closed","template":"","meta":{"footnotes":""},"class_list":["post-10","page","type-page","status-publish","hentry"],"_links":{"self":[{"href":"https:\/\/cartea.ch\/de\/wp-json\/wp\/v2\/pages\/10","targetHints":{"allow":["GET"]}}],"collection":[{"href":"https:\/\/cartea.ch\/de\/wp-json\/wp\/v2\/pages"}],"about":[{"href":"https:\/\/cartea.ch\/de\/wp-json\/wp\/v2\/types\/page"}],"author":[{"embeddable":true,"href":"https:\/\/cartea.ch\/de\/wp-json\/wp\/v2\/users\/1"}],"replies":[{"embeddable":true,"href":"https:\/\/cartea.ch\/de\/wp-json\/wp\/v2\/comments?post=10"}],"version-history":[{"count":0,"href":"https:\/\/cartea.ch\/de\/wp-json\/wp\/v2\/pages\/10\/revisions"}],"wp:attachment":[{"href":"https:\/\/cartea.ch\/de\/wp-json\/wp\/v2\/media?parent=10"}],"curies":[{"name":"wp","href":"https:\/\/api.w.org\/{rel}","templated":true}]}}